{"id":235,"date":"2019-12-06T18:04:53","date_gmt":"2019-12-06T23:04:53","guid":{"rendered":"https:\/\/www.contrastes.com.pe\/home\/?page_id=235"},"modified":"2019-12-09T16:58:04","modified_gmt":"2019-12-09T21:58:04","slug":"preguntas-frecuentes","status":"publish","type":"page","link":"https:\/\/www.contrastes.com.pe\/home\/preguntas-frecuentes\/","title":{"rendered":"Preguntas frecuentes"},"content":{"rendered":"\n<div class=\"wp-block-coblocks-accordion\">\n<div class=\"wp-block-coblocks-accordion-item\"><details><summary class=\"wp-block-coblocks-accordion-item__title\">Medidor operativo<\/summary><div class=\"wp-block-coblocks-accordion-item__content\">\n<p>Medidor en uso cuyos errores de medici\u00f3n, para cada caudal de ensayo se encuentran dentro de los errores m\u00e1ximo permisibles establecidos en las normas metrol\u00f3gicas vigentes.<\/p>\n<\/div><\/details><\/div>\n<\/div>\n\n\n\n<div class=\"wp-block-coblocks-accordion\">\n<div class=\"wp-block-coblocks-accordion-item\"><details><summary class=\"wp-block-coblocks-accordion-item__title\">Medidor que sobre-rregistra<\/summary><div class=\"wp-block-coblocks-accordion-item__content\">\n<p>Medidor que por lo menos en uno de los caudales de ensayo, registra un volumen mayor del que realmente ha pasado a trav\u00e9s del mismo, mostrando un error mayor que el m\u00e1ximo permisible.<\/p>\n<\/div><\/details><\/div>\n\n\n\n<div class=\"wp-block-coblocks-accordion-item\"><details><summary class=\"wp-block-coblocks-accordion-item__title\">Medidor que sub-rregistra<\/summary><div class=\"wp-block-coblocks-accordion-item__content\">\n<p>Medidor que por lo menos en uno de los caudales de ensayo, registra un volumen de agua menor del que realmente ha pasado a trav\u00e9s del mismo, mostrando un error cuyo valor absoluto excede el error m\u00e1ximo permisible establecido, mientras que en los otros caudales de ensayo los resultados est\u00e1n dentro de los errores m\u00e1ximos permisibles.<\/p>\n<\/div><\/details><\/div>\n\n\n\n<div class=\"wp-block-coblocks-accordion-item\"><details><summary class=\"wp-block-coblocks-accordion-item__title\">E.M.P. (Error M\u00e1ximo Permitido para medidores de agua clase 2)<\/summary><div class=\"wp-block-coblocks-accordion-item__content\">\n<p>EMP Error m\u00e1ximo permitido [NMP 005 -1:2018 3.2.5.]: valor extremo del error de medici\u00f3n,con respecto a un valor de referencia conocido, que es permitido por las especificaciones o reglamentaciones para un medidor, <\/p>\n\n\n\n<p>Verificaci\u00f3n inicial: Dado Q3=+\/-2%; Q2=+\/-2%; Q1=+\/-5%<\/p>\n\n\n\n<p> Verificaci\u00f3n Posterior: Dado. Q3=+\/-4%; Q2=+\/-4%; Q1=+\/-10% <\/p>\n<\/div><\/details><\/div>\n\n\n\n<div class=\"wp-block-coblocks-accordion-item\"><details><summary class=\"wp-block-coblocks-accordion-item__title\"> E.M.P. (Error M\u00e1ximo Permitido para medidores de gas clase 1.5) <\/summary><div class=\"wp-block-coblocks-accordion-item__content\">\n<figure class=\"wp-block-image size-large\"><img loading=\"lazy\" decoding=\"async\" width=\"645\" height=\"142\" src=\"https:\/\/www.contrastes.com.pe\/home\/wp-content\/uploads\/2019\/12\/image.png\" alt=\"\" class=\"wp-image-426\" srcset=\"https:\/\/www.contrastes.com.pe\/home\/wp-content\/uploads\/2019\/12\/image.png 645w, https:\/\/www.contrastes.com.pe\/home\/wp-content\/uploads\/2019\/12\/image-300x66.png 300w\" sizes=\"auto, (max-width: 645px) 100vw, 645px\" \/><\/figure>\n<\/div><\/details><\/div>\n\n\n\n<div class=\"wp-block-coblocks-accordion-item\"><details><summary class=\"wp-block-coblocks-accordion-item__title\">\u00bfCu\u00e1nto puedes gastar por fugas?<\/summary><div class=\"wp-block-coblocks-accordion-item__content\">\n<p>Para tener una idea de cuanta agua podemos perder en el hogar, hemos recogido informaci\u00f3n elaborada por el Servicio de Agua Potable y Alcantarillado de Lima, SEDAPAL, que relaciona algunos tipos de fugas con el costo que representa.<\/p>\n\n\n\n<p>\u00b7         El goteo de un ca\u00f1o puede desperdiciar 80 litros por d\u00eda a un costo de S\/. 2.21 al mes.<br> Un ca\u00f1o malogrado con un chorro de 1.6 mm puede desperdiciar 180 litros por d\u00eda a un costo de S\/. 7.60 al mes.<\/p>\n\n\n\n<p>\u00b7         Un ca\u00f1o malogrado con un chorro de 3.2 mm puede desperdiciar 675 litros por d\u00eda a un costo de S\/. 38.50 al mes.<\/p>\n\n\n\n<p>\u00b7         Un inodoro malogrado puede desperdiciar 5,000 litros de agua al d\u00eda a un costo de S\/ 486.00 al mes.<br>\nUn tanque elevado con fuga puede desperdiciar hasta 10,000 litros de agua en un d\u00eda a un costo de S\/. 972.58 al mes.<\/p>\n\n\n\n<p>\u00b7         Una cisterna con fuga desperdicia hasta 12,000 litros por dia a un costo de S\/1,160.40 al mes.<\/p>\n\n\n\n<p>Fuente: RPP noticias<\/p>\n<\/div><\/details><\/div>\n<\/div>\n\n\n\n<p><\/p>\n","protected":false},"excerpt":{"rendered":"","protected":false},"author":1,"featured_media":0,"parent":0,"menu_order":0,"comment_status":"closed","ping_status":"closed","template":"","meta":{"_coblocks_attr":"","_coblocks_dimensions":"","_coblocks_responsive_height":"","_coblocks_accordion_ie_support":"","footnotes":""},"class_list":["post-235","page","type-page","status-publish","hentry"],"_links":{"self":[{"href":"https:\/\/www.contrastes.com.pe\/home\/wp-json\/wp\/v2\/pages\/235","targetHints":{"allow":["GET"]}}],"collection":[{"href":"https:\/\/www.contrastes.com.pe\/home\/wp-json\/wp\/v2\/pages"}],"about":[{"href":"https:\/\/www.contrastes.com.pe\/home\/wp-json\/wp\/v2\/types\/page"}],"author":[{"embeddable":true,"href":"https:\/\/www.contrastes.com.pe\/home\/wp-json\/wp\/v2\/users\/1"}],"replies":[{"embeddable":true,"href":"https:\/\/www.contrastes.com.pe\/home\/wp-json\/wp\/v2\/comments?post=235"}],"version-history":[{"count":7,"href":"https:\/\/www.contrastes.com.pe\/home\/wp-json\/wp\/v2\/pages\/235\/revisions"}],"predecessor-version":[{"id":428,"href":"https:\/\/www.contrastes.com.pe\/home\/wp-json\/wp\/v2\/pages\/235\/revisions\/428"}],"wp:attachment":[{"href":"https:\/\/www.contrastes.com.pe\/home\/wp-json\/wp\/v2\/media?parent=235"}],"curies":[{"name":"wp","href":"https:\/\/api.w.org\/{rel}","templated":true}]}}