{"id":158,"date":"2019-12-06T18:04:53","date_gmt":"2019-12-06T23:04:53","guid":{"rendered":"https:\/\/www.contrastes.com.pe\/home\/?page_id=158"},"modified":"2025-03-17T16:13:34","modified_gmt":"2025-03-17T21:13:34","slug":"servicios","status":"publish","type":"page","link":"https:\/\/www.contrastes.com.pe\/home\/servicios\/","title":{"rendered":"Servicios"},"content":{"rendered":"\n<div class=\"wp-block-coblocks-features coblocks-features-5514305838 mt-0\" data-columns=\"3\"><div class=\"wp-block-coblocks-features__inner has-no-padding has-no-margin has-large-gutter has-center-content\">\n<div class=\"wp-block-coblocks-feature coblocks-feature-55143058102\"><div class=\"wp-block-coblocks-feature__inner has-no-padding\">\n<div class=\"wp-block-image\"><figure class=\"aligncenter size-large is-resized\"><img loading=\"lazy\" decoding=\"async\" src=\"https:\/\/www.contrastes.com.pe\/home\/wp-content\/uploads\/2019\/12\/banco-1024x630.jpg\" alt=\"\" class=\"wp-image-356\" width=\"176\" height=\"108\" srcset=\"https:\/\/www.contrastes.com.pe\/home\/wp-content\/uploads\/2019\/12\/banco-1024x630.jpg 1024w, https:\/\/www.contrastes.com.pe\/home\/wp-content\/uploads\/2019\/12\/banco-300x185.jpg 300w, https:\/\/www.contrastes.com.pe\/home\/wp-content\/uploads\/2019\/12\/banco-768x473.jpg 768w, https:\/\/www.contrastes.com.pe\/home\/wp-content\/uploads\/2019\/12\/banco.jpg 1149w\" sizes=\"auto, (max-width: 176px) 100vw, 176px\" \/><\/figure><\/div>\n\n\n\n<h4 class=\"wp-block-heading\">Verificaci\u00f3n inicial de medidores de agua<\/h4>\n\n\n\n<p>Verificaci\u00f3n de un medidor de agua que no ha sido verificado previamente.<\/p>\n\n\n\n<p><\/p>\n\n\n\n<p>La verificaci\u00f3n inicial de medidores de agua en laboratorio se realiza mediante el ensayo de presi\u00f3n est\u00e1tica y ensayos de errores de indicaci\u00f3n. <\/p>\n<\/div><\/div>\n\n\n\n<div class=\"wp-block-coblocks-feature coblocks-feature-55143058114\"><div class=\"wp-block-coblocks-feature__inner has-no-padding\">\n<figure class=\"wp-block-image size-large is-resized\"><img loading=\"lazy\" decoding=\"async\" src=\"https:\/\/www.contrastes.com.pe\/home\/wp-content\/uploads\/2019\/12\/laboratorio1-1-1024x433.jpg\" alt=\"\" class=\"wp-image-362\" width=\"267\" height=\"113\" srcset=\"https:\/\/www.contrastes.com.pe\/home\/wp-content\/uploads\/2019\/12\/laboratorio1-1-1024x433.jpg 1024w, https:\/\/www.contrastes.com.pe\/home\/wp-content\/uploads\/2019\/12\/laboratorio1-1-300x127.jpg 300w, https:\/\/www.contrastes.com.pe\/home\/wp-content\/uploads\/2019\/12\/laboratorio1-1-768x325.jpg 768w, https:\/\/www.contrastes.com.pe\/home\/wp-content\/uploads\/2019\/12\/laboratorio1-1-1536x650.jpg 1536w, https:\/\/www.contrastes.com.pe\/home\/wp-content\/uploads\/2019\/12\/laboratorio1-1-1600x677.jpg 1600w, https:\/\/www.contrastes.com.pe\/home\/wp-content\/uploads\/2019\/12\/laboratorio1-1.jpg 1890w\" sizes=\"auto, (max-width: 267px) 100vw, 267px\" \/><\/figure>\n\n\n\n<h4 class=\"wp-block-heading\">Verificaci\u00f3n posterior de medidores de agua<\/h4>\n\n\n\n<p>Verificaci\u00f3n de un medidor de agua que se realiza<br> despu\u00e9s de una verificaci\u00f3n anterior<\/p>\n\n\n\n<p><\/p>\n\n\n\n<p>La verificaci\u00f3n posterior de medidores de agua en laboratorio se realiza mediante ensayos de errores de indicaci\u00f3n. No se aplica el ensayo de presi\u00f3n est\u00e1tica.<\/p>\n<\/div><\/div>\n\n\n\n<div class=\"wp-block-coblocks-feature coblocks-feature-5514310463\"><div class=\"wp-block-coblocks-feature__inner has-no-padding\">\n<figure class=\"wp-block-image size-large\"><img loading=\"lazy\" decoding=\"async\" width=\"1024\" height=\"433\" src=\"https:\/\/www.contrastes.com.pe\/home\/wp-content\/uploads\/2019\/12\/foto-contrastes-2-2-1024x433.jpg\" alt=\"\" class=\"wp-image-363\" srcset=\"https:\/\/www.contrastes.com.pe\/home\/wp-content\/uploads\/2019\/12\/foto-contrastes-2-2-1024x433.jpg 1024w, https:\/\/www.contrastes.com.pe\/home\/wp-content\/uploads\/2019\/12\/foto-contrastes-2-2-300x127.jpg 300w, https:\/\/www.contrastes.com.pe\/home\/wp-content\/uploads\/2019\/12\/foto-contrastes-2-2-768x325.jpg 768w, https:\/\/www.contrastes.com.pe\/home\/wp-content\/uploads\/2019\/12\/foto-contrastes-2-2-1536x650.jpg 1536w, https:\/\/www.contrastes.com.pe\/home\/wp-content\/uploads\/2019\/12\/foto-contrastes-2-2-1600x677.jpg 1600w, https:\/\/www.contrastes.com.pe\/home\/wp-content\/uploads\/2019\/12\/foto-contrastes-2-2.jpg 1890w\" sizes=\"auto, (max-width: 1024px) 100vw, 1024px\" \/><\/figure>\n\n\n\n<h4 class=\"wp-block-heading\"><strong>Verificaci\u00f3n posterior de medidores de gas G 1.6<\/strong><\/h4>\n\n\n\n<p> Verificaci\u00f3n de un medidor de gas de uso residencial que se realiza  despu\u00e9s de una verificaci\u00f3n anterior <\/p>\n\n\n\n<p><\/p>\n\n\n\n<p> La verificaci\u00f3n posterior de medidores de gas en laboratorio se realiza mediante ensayos de errores de indicaci\u00f3n. <\/p>\n<\/div><\/div>\n<\/div><\/div>\n\n\n\n<div class=\"wp-block-media-text alignwide is-stacked-on-mobile\" style=\"grid-template-columns:45% auto\"><figure class=\"wp-block-media-text__media\"><img loading=\"lazy\" decoding=\"async\" width=\"1024\" height=\"666\" src=\"https:\/\/www.contrastes.com.pe\/home\/wp-content\/uploads\/2019\/08\/home-2-1024x666.jpg\" alt=\"\" class=\"wp-image-192\" srcset=\"https:\/\/www.contrastes.com.pe\/home\/wp-content\/uploads\/2019\/08\/home-2-1024x666.jpg 1024w, https:\/\/www.contrastes.com.pe\/home\/wp-content\/uploads\/2019\/08\/home-2-300x195.jpg 300w, https:\/\/www.contrastes.com.pe\/home\/wp-content\/uploads\/2019\/08\/home-2-768x499.jpg 768w, https:\/\/www.contrastes.com.pe\/home\/wp-content\/uploads\/2019\/08\/home-2-1536x998.jpg 1536w, https:\/\/www.contrastes.com.pe\/home\/wp-content\/uploads\/2019\/08\/home-2-1600x1040.jpg 1600w, https:\/\/www.contrastes.com.pe\/home\/wp-content\/uploads\/2019\/08\/home-2.jpg 1920w\" sizes=\"auto, (max-width: 1024px) 100vw, 1024px\" \/><\/figure><div class=\"wp-block-media-text__content\">\n<h3 class=\"wp-block-heading\">Nuestro Principales Clientes<\/h3>\n\n\n\n<p><strong>Agua <\/strong><\/p>\n\n\n\n<p>Sedapal, Sedapar, Sedalib, Eps grau,SedaChimbote.<\/p>\n\n\n\n<p><strong>Gas<\/strong><\/p>\n\n\n\n<p>C\u00e1lidda<\/p>\n<\/div><\/div>\n\n\n\n<p><\/p>\n\n\n\n<h4 class=\"wp-block-heading\">( &amp; ) CONDICIONES DEL SERVICIO<\/h4>\n\n\n\n<p><em><strong>Verificaci\u00f3n Posterior<\/strong><\/em><\/p>\n\n\n\n<p><strong>MEDIDORES DE AGUA<\/strong><\/p>\n\n\n\n<p>Establecidos en la resoluci\u00f3n RCD N\u00ba 058-2023- SUNASS-CD Texto \u00danico Ordenado del Reglamento de Calidad de la Prestaci\u00f3n de los Servicios de Saneamiento. Anexo 4: Procedimiento para la Verificaci\u00f3n Posterior de los medidores de agua.<\/p>\n\n\n\n<p><strong>MEDIDORES DE GAS<\/strong><\/p>\n\n\n\n<p>Establecidos en la resoluci\u00f3n de consejo directivo ORGANISMO SUPERVISOR DE LA INVERSI\u00d3N EN ENERG\u00cdA Y MINER\u00cdA OSINERGMIN N\u00b0307-2015-OS\/CD \u00abNorma de contraste y verificaci\u00f3n peri\u00f3dica de los medidores de gas natural\u00bb<\/p>\n\n\n\n<p><em><strong>Verificaci\u00f3n Inicial:<\/strong><\/em><\/p>\n\n\n\n<p>a. PLAZO ESTIMADO DE EJECUCION :<br>De acuerdo a la programaci\u00f3n del servicio y\/o coordinaci\u00f3n con la empresa<\/p>\n\n\n\n<p>b. CONDICIONES PARA REALIZAR EL SERVICIO:<br>. El cliente debe enviar la Orden de Compra u Orden de Servicio y\/o aceptaci\u00f3n del servicio (confirmaci\u00f3n telef\u00f3nica, via fax, correo electr\u00f3nico u otros) y\/o constancia de pago para proceder a ejecutar el servicio.<br>. El equipo o instrumento de medici\u00f3n deber\u00e1:<br>i.- Encontrarse en buenas condiciones de operaci\u00f3n y disponer de todos los accesorios y conexiones necesarias para su correcto uso.<br>ii.- Encontrarse limpio, y en cajas de carton, grupal o individual.<br>iii.- Estar debidamente identificado (N\u00famero de serie y\/o c\u00f3digo asignado por el cliente), caso contrario Contrastes EIRL no podr\u00e1 efectuar la inspecci\u00f3n al instrumento de medida.<\/p>\n\n\n\n<p>c. CULMINACION DEL SERVICIO<br>El servicio se considera terminado a la entrega del informe y\/o certificado Servicio junto a la entrega de los instrumentos inspeccionados seg\u00fan Orden de Compra \u00fa Orden de Servicio.<\/p>\n\n\n\n<p>d. SUSPENSI\u00d3N DEL SERVICIO<br>En caso el cliente decida suspender el servicio durante su ejecuci\u00f3n, Contrastes EIRL. proceder\u00e1 a facturar el servicio de acuerdo a la proforma aceptada.<\/p>\n\n\n\n<p>e. RECEPCI\u00d3N Y DEVOLUCI\u00d3N DE LOS EQUIPOS O INSTRUMENTOS DE MEDICI\u00d3N:<br>. Los equipos o instrumentos de medici\u00f3n ser\u00e1n recepcionados y entregados en las instalaciones de Contrastes<br>EIRL. ( Av. Jorge Chavez 1066 Urb. Cercado Santiago de Surco), para verificacion inicial de medidores es necesario la autorizaci\u00f3n formal del propietario de la aprobaci\u00f3n de modelo u homologaci\u00f3n para efectuar el servicio.<br>. Una vez finalizado el servicio, los instrumentos o equipos se entregar\u00e1n con sus respectivos informes y\/o certificados.<\/p>\n\n\n\n<p>f. POR EL SERVICIO SE ENTREGAR\u00c1:<\/p>\n\n\n\n<p>( * ) Certificado de inspecci\u00f3n ( Acreditado por Inacal si esta dentro del alcance acreditado): se realiza posterior a la ejecucion del pago del servicio facturado<br>i.- Cuando el resultado de la ins pecci\u00f3n est\u00e9 dentro del alcance de la acreditaci\u00f3n, con el logo de INACAL, en caso contrario sin el logo.<br>ii.- Cuando el servicio solicitado est\u00e1 dentro del marco de la acreditaci\u00f3n otorgada por INACAL-DA, salvo indicaci\u00f3n del cliente por escrito.<br>g. Esta proforma se ha elaborado en base a los datos proporcionados por el cliente, por lo que podr\u00eda variar en el m\u00e9todo, costo, plazo de entrega, etc. Los medidores inspeccionados se identificaran con una etiqueta incluyendo los errores de medicion.<\/p>\n\n\n\n<p>h. PLAZO L\u00cdMITE PARA LA RECEPCI\u00d3N DE QUEJAS<br>El plazo l\u00edmite establecido para la recepci\u00f3n de quejas no debe ser mayor a 6 meses despu\u00e9s de brindado el servicio. Pasado este plazo no se aceptara la queja bajo ninguna circunstancia.<\/p>\n\n\n\n<p>i. Contrastes EIRL, es responsable, en el marco de compromisos legalmente ejecutables, de la gesti\u00f3n de toda la informaci\u00f3n obtenida o generada durante la realizaci\u00f3n de las actividades de inspecci\u00f3n. Contrastes debe informar al cliente, con antelaci\u00f3n, qu\u00e9 informaci\u00f3n tiene intenci\u00f3n de hacer p\u00fablica. A excepci\u00f3n de la informaci\u00f3n que el cliente pone a disposici\u00f3n del p\u00fablico, o cuando haya sido acordado entre Contrastes y el cliente, toda otra informaci\u00f3n debe ser considerada de propiedad del cliente y debe ser considerada como confidencial.<br>En caso de que informaci\u00f3n confidencial sea requerida por la ley, Contrastes notificara el hecho al cliente o persona pertinente a menos que est\u00e9 prohibido por la ley.<br>Toda informaci\u00f3n perteneciente al cliente que haya sido obtenida por terceros, ser\u00e1 considerada confidencial.<br>Contrastes posee una poliza para cubrir las responsabilidades derivadas de sus operaciones.<br>j. En caso la acreditaci\u00f3n sea suspendida, reducida o retirada; Contrastes tiene la obligaci\u00f3n de comunicar e informar las consecuencias de esta, v\u00eda correo electr\u00f3nico en un plazo no mayor de 1 d\u00eda h\u00e1bil despu\u00e9s de la comunicaci\u00f3n de dicho acto.<br>k. Contrastes posee una Pol\u00edtica Antisoborno con el fin de prevenir y controlar actos de soborno y modalidades de corrupci\u00f3n.<\/p>\n\n\n\n<h3 class=\"wp-block-heading\">Siguientes pasos&#8230;<\/h3>\n\n\n\n<div class=\"wp-block-coblocks-row coblocks-row-77123959945\" data-columns=\"2\" data-layout=\"66-33\"><div class=\"wp-block-coblocks-row__inner has-medium-gutter has-no-padding has-no-margin is-stacked-on-mobile\">\n<div class=\"wp-block-coblocks-column coblocks-column-771240515\" style=\"width:66%\"><div class=\"wp-block-coblocks-column__inner has-no-padding has-no-margin\">\n<p>Solicitar una cotizaci\u00f3n por nuestros servicios<\/p>\n<\/div><\/div>\n\n\n\n<div class=\"wp-block-coblocks-column coblocks-column-771240519\" style=\"width:33%\"><div class=\"wp-block-coblocks-column__inner has-no-padding has-no-margin\">\n<div class=\"wp-block-button aligncenter\"><a class=\"wp-block-button__link\" href=\"\/comunicate-con-nosotros\/\">Comunicate con nosotros<\/a><\/div>\n<\/div><\/div>\n<\/div><\/div>\n","protected":false},"excerpt":{"rendered":"<p>Nuestro Principales Clientes Agua Sedapal, Sedapar, Sedalib, Eps grau,SedaChimbote. Gas C\u00e1lidda ( &amp; ) CONDICIONES DEL SERVICIO Verificaci\u00f3n Posterior MEDIDORES&hellip;<\/p>\n","protected":false},"author":1,"featured_media":357,"parent":0,"menu_order":0,"comment_status":"closed","ping_status":"closed","template":"","meta":{"_coblocks_attr":"","_coblocks_dimensions":"","_coblocks_responsive_height":"","_coblocks_accordion_ie_support":"","footnotes":""},"class_list":["post-158","page","type-page","status-publish","has-post-thumbnail","hentry"],"_links":{"self":[{"href":"https:\/\/www.contrastes.com.pe\/home\/wp-json\/wp\/v2\/pages\/158","targetHints":{"allow":["GET"]}}],"collection":[{"href":"https:\/\/www.contrastes.com.pe\/home\/wp-json\/wp\/v2\/pages"}],"about":[{"href":"https:\/\/www.contrastes.com.pe\/home\/wp-json\/wp\/v2\/types\/page"}],"author":[{"embeddable":true,"href":"https:\/\/www.contrastes.com.pe\/home\/wp-json\/wp\/v2\/users\/1"}],"replies":[{"embeddable":true,"href":"https:\/\/www.contrastes.com.pe\/home\/wp-json\/wp\/v2\/comments?post=158"}],"version-history":[{"count":11,"href":"https:\/\/www.contrastes.com.pe\/home\/wp-json\/wp\/v2\/pages\/158\/revisions"}],"predecessor-version":[{"id":723,"href":"https:\/\/www.contrastes.com.pe\/home\/wp-json\/wp\/v2\/pages\/158\/revisions\/723"}],"wp:featuredmedia":[{"embeddable":true,"href":"https:\/\/www.contrastes.com.pe\/home\/wp-json\/wp\/v2\/media\/357"}],"wp:attachment":[{"href":"https:\/\/www.contrastes.com.pe\/home\/wp-json\/wp\/v2\/media?parent=158"}],"curies":[{"name":"wp","href":"https:\/\/api.w.org\/{rel}","templated":true}]}}