{"id":156,"date":"2019-12-06T18:04:53","date_gmt":"2019-12-06T23:04:53","guid":{"rendered":"https:\/\/www.contrastes.com.pe\/home\/?page_id=156"},"modified":"2025-11-24T15:19:55","modified_gmt":"2025-11-24T20:19:55","slug":"inicio","status":"publish","type":"page","link":"https:\/\/www.contrastes.com.pe\/home\/","title":{"rendered":"Inicio"},"content":{"rendered":"\n<div class=\"wp-block-columns has-2-columns is-main-message is-layout-flex wp-container-core-columns-is-layout-1 wp-block-columns-is-layout-flex\">\n<div class=\"wp-block-column is-layout-flow wp-block-column-is-layout-flow\">\n<h3 class=\"wp-block-heading\"> Qui\u00e9nes Somos <\/h3>\n\n\n\n<p>Contrastes E.I.R.L. es un organismo de inspecci\u00f3n del tipo A.<\/p>\n\n\n\n<h3 class=\"wp-block-heading\">Misi\u00f3n<\/h3>\n\n\n\n<p>Contrastes EIRL tiene como misi\u00f3n brindar servicios de calidad, confiables y transparentes para la inspecci\u00f3n de medidores instalados en las conexiones domiciliarias de agua potable y gas, asi como la verificaci\u00f3n inicial de medidores de agua, permitiendo gozar del respeto y confianza del usuario.<\/p>\n\n\n\n<h3 class=\"wp-block-heading\">Visi\u00f3n<\/h3>\n\n\n\n<div class=\"wp-block-group\"><div class=\"wp-block-group__inner-container is-layout-flow wp-block-group-is-layout-flow\">\n<p>Contrastes EIRL ser\u00e1 una empresa l\u00edder en su rubro que brinde confianza y credibilidad, ofreciendo capacidad de organizaci\u00f3n y gesti\u00f3n, contando con infraestructura administrativa y con soporte t\u00e9cnico; todo dentro del \u00e1mbito de su competencia en inspecci\u00f3n de medidores de agua y gas domiciliarios; con independencia en el ejercicio de funciones. <\/p>\n<\/div><\/div>\n\n\n\n<h3 class=\"wp-block-heading\">Pol\u00edticas<\/h3>\n\n\n\n<p><strong><a href=\"https:\/\/www.contrastes.com.pe\/CALIDADSGC\/WEB\/PoliticaCalidad.pdf\">1 Politica de calidad<\/a><\/strong><\/p>\n\n\n\n<p><a href=\"https:\/\/www.contrastes.com.pe\/CALIDADSGC\/WEB\/PoliticaAntisoborno.pdf\"><strong>2 Politica Antisoborno.<\/strong><\/a><\/p>\n\n\n\n<p><a href=\"https:\/\/www.contrastes.com.pe\/CALIDADSGC\/WEB\/PoliticaRegalos.pdf\"><strong>3 Politica de regalos<\/strong><\/a><\/p>\n\n\n\n<p><strong>AMBITO DEL CONTRASTES:<\/strong><br> Definidos actualmente en el alcance de acreditaci\u00f3n de INACAL como organismo de inspecci\u00f3n con registro OI-033.<\/p>\n\n\n\n<p><strong>METODOS DE CONTRASTES UTILIZADO (INDICAR NORMA METROLOGICA).<\/strong><\/p>\n\n\n\n<p><strong>PARA MEDIDORES DE AGUA<\/strong><br> NMP-005-3:1996<br> NMP-005-3:2011<br> NMp-005-2:2018<\/p>\n\n\n\n<p><strong>PARA MEDIDORES DE GAS<\/strong><br> NMP-016:2012<\/p>\n\n\n\n<p><strong><a href=\"\/documentos\/INF-014_C_V01_Pol\u00edtica_Antisoborno.pdf\">Pol\u00edtica Anti soborno<\/a><\/strong><\/p>\n<\/div>\n\n\n\n<div class=\"wp-block-column is-layout-flow wp-block-column-is-layout-flow\">\n<div class=\"wp-block-coblocks-gallery-stacked alignwide\"><ul class=\"coblocks-gallery has-fullwidth-images has-margin\"><li class=\"coblocks-gallery--item\"><figure class=\"coblocks-gallery--figure has-margin-bottom-5 has-margin-bottom-mobile-5\"><img loading=\"lazy\" decoding=\"async\" width=\"354\" height=\"168\" src=\"https:\/\/www.contrastes.com.pe\/home\/wp-content\/uploads\/2019\/12\/logooc.png\" alt=\"\" data-id=\"333\" data-link=\"https:\/\/www.contrastes.com.pe\/home\/logooc\/\" class=\"wp-image-333 has-shadow-none\" srcset=\"https:\/\/www.contrastes.com.pe\/home\/wp-content\/uploads\/2019\/12\/logooc.png 354w, https:\/\/www.contrastes.com.pe\/home\/wp-content\/uploads\/2019\/12\/logooc-300x142.png 300w\" sizes=\"auto, (max-width: 354px) 100vw, 354px\" \/><\/figure><\/li><li class=\"coblocks-gallery--item\"><figure class=\"coblocks-gallery--figure has-margin-bottom-5 has-margin-bottom-mobile-5\"><img loading=\"lazy\" decoding=\"async\" width=\"1024\" height=\"433\" src=\"https:\/\/www.contrastes.com.pe\/home\/wp-content\/uploads\/2019\/12\/foto-contrastes-2-2-1024x433.jpg\" alt=\"\" data-id=\"363\" data-link=\"https:\/\/www.contrastes.com.pe\/home\/servicios\/foto-contrastes-2-2\/\" class=\"wp-image-363 has-shadow-none\" srcset=\"https:\/\/www.contrastes.com.pe\/home\/wp-content\/uploads\/2019\/12\/foto-contrastes-2-2-1024x433.jpg 1024w, https:\/\/www.contrastes.com.pe\/home\/wp-content\/uploads\/2019\/12\/foto-contrastes-2-2-300x127.jpg 300w, https:\/\/www.contrastes.com.pe\/home\/wp-content\/uploads\/2019\/12\/foto-contrastes-2-2-768x325.jpg 768w, https:\/\/www.contrastes.com.pe\/home\/wp-content\/uploads\/2019\/12\/foto-contrastes-2-2-1536x650.jpg 1536w, https:\/\/www.contrastes.com.pe\/home\/wp-content\/uploads\/2019\/12\/foto-contrastes-2-2-1600x677.jpg 1600w, https:\/\/www.contrastes.com.pe\/home\/wp-content\/uploads\/2019\/12\/foto-contrastes-2-2.jpg 1890w\" sizes=\"auto, (max-width: 1024px) 100vw, 1024px\" \/><\/figure><\/li><li class=\"coblocks-gallery--item\"><figure class=\"coblocks-gallery--figure has-margin-bottom-5 has-margin-bottom-mobile-5\"><img loading=\"lazy\" decoding=\"async\" width=\"1024\" height=\"433\" src=\"https:\/\/www.contrastes.com.pe\/home\/wp-content\/uploads\/2019\/12\/laboratorio1-1-1024x433.jpg\" alt=\"\" data-id=\"362\" data-link=\"https:\/\/www.contrastes.com.pe\/home\/servicios\/laboratorio1-1\/\" class=\"wp-image-362 has-shadow-none\" srcset=\"https:\/\/www.contrastes.com.pe\/home\/wp-content\/uploads\/2019\/12\/laboratorio1-1-1024x433.jpg 1024w, https:\/\/www.contrastes.com.pe\/home\/wp-content\/uploads\/2019\/12\/laboratorio1-1-300x127.jpg 300w, https:\/\/www.contrastes.com.pe\/home\/wp-content\/uploads\/2019\/12\/laboratorio1-1-768x325.jpg 768w, https:\/\/www.contrastes.com.pe\/home\/wp-content\/uploads\/2019\/12\/laboratorio1-1-1536x650.jpg 1536w, https:\/\/www.contrastes.com.pe\/home\/wp-content\/uploads\/2019\/12\/laboratorio1-1-1600x677.jpg 1600w, https:\/\/www.contrastes.com.pe\/home\/wp-content\/uploads\/2019\/12\/laboratorio1-1.jpg 1890w\" sizes=\"auto, (max-width: 1024px) 100vw, 1024px\" \/><\/figure><\/li><\/ul><\/div>\n<\/div>\n<\/div>\n\n\n\n<div style=\"height:27px\" aria-hidden=\"true\" class=\"wp-block-spacer\"><\/div>\n\n\n\n<p><\/p>\n\n\n\n<h3 class=\"wp-block-heading\">Siguientes pasos&#8230;<\/h3>\n\n\n\n<div class=\"wp-block-coblocks-row coblocks-row-77123959945\" data-columns=\"2\" data-layout=\"66-33\"><div class=\"wp-block-coblocks-row__inner has-medium-gutter has-no-padding has-no-margin is-stacked-on-mobile\">\n\n<div class=\"wp-block-coblocks-column coblocks-column-771240515\" style=\"width:66%\"><div class=\"wp-block-coblocks-column__inner has-no-padding has-no-margin\">\n\n<p>Contacta con nosotros para mayor informaci\u00f3n de nuestros servicios.<\/p>\n\n<\/div><\/div>\n\n\n<div class=\"wp-block-coblocks-column coblocks-column-771240519\" style=\"width:33%\"><div class=\"wp-block-coblocks-column__inner has-no-padding has-no-margin\">\n\n<div class=\"wp-block-button aligncenter\"><a class=\"wp-block-button__link has-background\" href=\"\/home\/comunicate-con-nosotros\/\" style=\"background-color:#27a1d5\">Contactanos<\/a><\/div>\n\n<\/div><\/div>\n\n<\/div><\/div>\n","protected":false},"excerpt":{"rendered":"<p>Qui\u00e9nes Somos Contrastes E.I.R.L. es un organismo de inspecci\u00f3n del tipo A. Misi\u00f3n Contrastes EIRL tiene como misi\u00f3n brindar servicios&hellip;<\/p>\n","protected":false},"author":1,"featured_media":0,"parent":0,"menu_order":0,"comment_status":"closed","ping_status":"closed","template":"","meta":{"_coblocks_attr":"Arial,,Arial","_coblocks_dimensions":"","_coblocks_responsive_height":"","_coblocks_accordion_ie_support":"","footnotes":""},"class_list":["post-156","page","type-page","status-publish","hentry"],"_links":{"self":[{"href":"https:\/\/www.contrastes.com.pe\/home\/wp-json\/wp\/v2\/pages\/156","targetHints":{"allow":["GET"]}}],"collection":[{"href":"https:\/\/www.contrastes.com.pe\/home\/wp-json\/wp\/v2\/pages"}],"about":[{"href":"https:\/\/www.contrastes.com.pe\/home\/wp-json\/wp\/v2\/types\/page"}],"author":[{"embeddable":true,"href":"https:\/\/www.contrastes.com.pe\/home\/wp-json\/wp\/v2\/users\/1"}],"replies":[{"embeddable":true,"href":"https:\/\/www.contrastes.com.pe\/home\/wp-json\/wp\/v2\/comments?post=156"}],"version-history":[{"count":21,"href":"https:\/\/www.contrastes.com.pe\/home\/wp-json\/wp\/v2\/pages\/156\/revisions"}],"predecessor-version":[{"id":763,"href":"https:\/\/www.contrastes.com.pe\/home\/wp-json\/wp\/v2\/pages\/156\/revisions\/763"}],"wp:attachment":[{"href":"https:\/\/www.contrastes.com.pe\/home\/wp-json\/wp\/v2\/media?parent=156"}],"curies":[{"name":"wp","href":"https:\/\/api.w.org\/{rel}","templated":true}]}}